{"id":6687,"date":"2024-05-23T19:16:02","date_gmt":"2024-05-23T19:16:02","guid":{"rendered":"http:\/\/berkut.tech\/?page_id=6687"},"modified":"2024-07-02T10:33:09","modified_gmt":"2024-07-02T10:33:09","slug":"blog-en","status":"publish","type":"page","link":"https:\/\/berkut.tech\/index.php\/en\/blog-en\/","title":{"rendered":"Blog"},"content":{"rendered":"\t\t<div data-elementor-type=\"wp-page\" data-elementor-id=\"6687\" class=\"elementor elementor-6687\">\n\t\t\t\t\t\t<section class=\"elementor-section elementor-top-section elementor-element elementor-element-6dbcfa3 elementor-section-boxed elementor-section-height-default elementor-section-height-default\" data-id=\"6dbcfa3\" data-element_type=\"section\">\n\t\t\t\t\t\t<div class=\"elementor-container elementor-column-gap-default\">\n\t\t\t\t\t<div class=\"elementor-column elementor-col-100 elementor-top-column elementor-element elementor-element-9dec7af\" data-id=\"9dec7af\" data-element_type=\"column\">\n\t\t\t<div class=\"elementor-widget-wrap elementor-element-populated\">\n\t\t\t\t\t\t<div class=\"elementor-element elementor-element-9fd474d elementor-widget elementor-widget-restly_blog\" data-id=\"9fd474d\" data-element_type=\"widget\" data-widget_type=\"restly_blog.default\">\n\t\t\t\t<div class=\"elementor-widget-container\">\n\t\t\t\t\t        <div class=\"restly-blog-post-wrapper\">\r\n            <div class=\"restly-blog-post-box\">\r\n                <div class=\"row \">\r\n                                        <div class=\"col-12 col-sm-12 col-md-6 col-lg-4\">\r\n                        <div class=\"restly-blog-post-item restly-blog-one\">\r\n                                                        <div class=\"restly-blog-post-content\">\r\n                                <div class=\"restly-blog-top-area\">\r\n                                                                        <div class=\"post-meta-item\">\r\n                                        <ul>\r\n                                                                                    <li><i class=\"fas fa-calendar-alt\"><\/i><span class=\"posted-on\"><a href=\"https:\/\/berkut.tech\/index.php\/2024\/06\/07\/micro-frontend-mimarisi\/\" rel=\"bookmark\"><time class=\"entry-date published updated\" datetime=\"2024-06-07T07:53:48+00:00\">Haziran 7, 2024<\/time><\/a><\/span><\/li>\r\n                                                                                        <li class=\"post-cat\"><i class=\"fas fa-tag\"><\/i><a href=\"https:\/\/berkut.tech\/index.php\/category\/uncategorized\/\" rel=\"category tag\">Uncategorized<\/a><\/li>\r\n                                                                                    <\/ul>\r\n                                    <\/div>\r\n                                    <div class=\"restly-blog-post-title\">\r\n                                        <a href=\"https:\/\/berkut.tech\/index.php\/2024\/06\/07\/micro-frontend-mimarisi\/\">Micro Frontend Mimarisi<\/a>\r\n                                    <\/div>\r\n                                    <div class=\"restly-post-dec\">\r\n                                        <P>Micro frontend teknolojisine dalmadan \u00f6nce, micro frontend kavram\u0131 belli belirsiz&hellip;<\/P>\r\n                                    <\/div>\r\n                                <\/div>\r\n                                                                <div class=\"restly-blog-post-author\">\r\n                                    <img alt='' src='https:\/\/secure.gravatar.com\/avatar\/122256649d718c571898feccd0424e391ed5588163a18d88d5fdb8f8eb16cec5?s=60&#038;d=mm&#038;r=g' srcset='https:\/\/secure.gravatar.com\/avatar\/122256649d718c571898feccd0424e391ed5588163a18d88d5fdb8f8eb16cec5?s=120&#038;d=mm&#038;r=g 2x' class='avatar avatar-60 photo' height='60' width='60' \/>By<span class=\"byline\"><span class=\"author vcard\"><a class=\"url fn n\" href=\"https:\/\/berkut.tech\/index.php\/author\/berkut-teknoloji\/\">Berkut Teknoloji<\/a><\/span><\/span>                                <\/div>\r\n                                                            <\/div>\r\n                        <\/div>\r\n                    <\/div>\r\n                                        <div class=\"col-12 col-sm-12 col-md-6 col-lg-4\">\r\n                        <div class=\"restly-blog-post-item restly-blog-one\">\r\n                                                        <div class=\"restly-blog-post-content\">\r\n                                <div class=\"restly-blog-top-area\">\r\n                                                                        <div class=\"post-meta-item\">\r\n                                        <ul>\r\n                                                                                    <li><i class=\"fas fa-calendar-alt\"><\/i><span class=\"posted-on\"><a href=\"https:\/\/berkut.tech\/index.php\/2024\/06\/07\/ios-view-controller-life-cycle\/\" rel=\"bookmark\"><time class=\"entry-date published updated\" datetime=\"2024-06-07T07:20:02+00:00\">Haziran 7, 2024<\/time><\/a><\/span><\/li>\r\n                                                                                        <li class=\"post-cat\"><i class=\"fas fa-tag\"><\/i><a href=\"https:\/\/berkut.tech\/index.php\/category\/software\/\" rel=\"category tag\">software<\/a>,<a href=\"https:\/\/berkut.tech\/index.php\/category\/uncategorized\/\" rel=\"category tag\">Uncategorized<\/a><\/li>\r\n                                                                                    <\/ul>\r\n                                    <\/div>\r\n                                    <div class=\"restly-blog-post-title\">\r\n                                        <a href=\"https:\/\/berkut.tech\/index.php\/2024\/06\/07\/ios-view-controller-life-cycle\/\">iOS View Controller Life Cycle<\/a>\r\n                                    <\/div>\r\n                                    <div class=\"restly-post-dec\">\r\n                                        <P>Herkese merhabalar arkada\u015flar, 2021 y\u0131l\u0131n\u0131n son yaz\u0131s\u0131 olan View Controller&hellip;<\/P>\r\n                                    <\/div>\r\n                                <\/div>\r\n                                                                <div class=\"restly-blog-post-author\">\r\n                                    <img alt='' src='https:\/\/secure.gravatar.com\/avatar\/122256649d718c571898feccd0424e391ed5588163a18d88d5fdb8f8eb16cec5?s=60&#038;d=mm&#038;r=g' srcset='https:\/\/secure.gravatar.com\/avatar\/122256649d718c571898feccd0424e391ed5588163a18d88d5fdb8f8eb16cec5?s=120&#038;d=mm&#038;r=g 2x' class='avatar avatar-60 photo' height='60' width='60' \/>By<span class=\"byline\"><span class=\"author vcard\"><a class=\"url fn n\" href=\"https:\/\/berkut.tech\/index.php\/author\/berkut-teknoloji\/\">Berkut Teknoloji<\/a><\/span><\/span>                                <\/div>\r\n                                                            <\/div>\r\n                        <\/div>\r\n                    <\/div>\r\n                                        <div class=\"col-12 col-sm-12 col-md-6 col-lg-4\">\r\n                        <div class=\"restly-blog-post-item restly-blog-one\">\r\n                                                        <div class=\"restly-blog-post-img\">\r\n                                <a href=\"https:\/\/berkut.tech\/index.php\/en\/2024\/05\/23\/why-nuxt-js\/\">\r\n                                                                    <\/a>\r\n                            <\/div>\r\n                                                        <div class=\"restly-blog-post-content\">\r\n                                <div class=\"restly-blog-top-area\">\r\n                                                                        <div class=\"post-meta-item\">\r\n                                        <ul>\r\n                                                                                    <li><i class=\"fas fa-calendar-alt\"><\/i><span class=\"posted-on\"><a href=\"https:\/\/berkut.tech\/index.php\/en\/2024\/05\/23\/why-nuxt-js\/\" rel=\"bookmark\"><time class=\"entry-date published updated\" datetime=\"2024-05-23T18:58:47+00:00\">May\u0131s 23, 2024<\/time><\/a><\/span><\/li>\r\n                                                                                        <li class=\"post-cat\"><i class=\"fas fa-tag\"><\/i><a href=\"https:\/\/berkut.tech\/index.php\/en\/category\/genel-en\/\" rel=\"category tag\">Genel<\/a><\/li>\r\n                                                                                    <\/ul>\r\n                                    <\/div>\r\n                                    <div class=\"restly-blog-post-title\">\r\n                                        <a href=\"https:\/\/berkut.tech\/index.php\/en\/2024\/05\/23\/why-nuxt-js\/\">Why Nuxt.js?<\/a>\r\n                                    <\/div>\r\n                                    <div class=\"restly-post-dec\">\r\n                                        <P>Before discussing why Nuxt.js, I want to touch on why&hellip;<\/P>\r\n                                    <\/div>\r\n                                <\/div>\r\n                                                                <div class=\"restly-blog-post-author\">\r\n                                    <img alt='' src='https:\/\/secure.gravatar.com\/avatar\/122256649d718c571898feccd0424e391ed5588163a18d88d5fdb8f8eb16cec5?s=60&#038;d=mm&#038;r=g' srcset='https:\/\/secure.gravatar.com\/avatar\/122256649d718c571898feccd0424e391ed5588163a18d88d5fdb8f8eb16cec5?s=120&#038;d=mm&#038;r=g 2x' class='avatar avatar-60 photo' height='60' width='60' \/>By<span class=\"byline\"><span class=\"author vcard\"><a class=\"url fn n\" href=\"https:\/\/berkut.tech\/index.php\/author\/berkut-teknoloji\/\">Berkut Teknoloji<\/a><\/span><\/span>                                <\/div>\r\n                                                            <\/div>\r\n                        <\/div>\r\n                    <\/div>\r\n                                        <div class=\"col-12 col-sm-12 col-md-6 col-lg-4\">\r\n                        <div class=\"restly-blog-post-item restly-blog-one\">\r\n                                                        <div class=\"restly-blog-post-content\">\r\n                                <div class=\"restly-blog-top-area\">\r\n                                                                        <div class=\"post-meta-item\">\r\n                                        <ul>\r\n                                                                                    <li><i class=\"fas fa-calendar-alt\"><\/i><span class=\"posted-on\"><a href=\"https:\/\/berkut.tech\/index.php\/en\/2024\/03\/05\/nosql-sql\/\" rel=\"bookmark\"><time class=\"entry-date published updated\" datetime=\"2024-03-05T09:02:49+00:00\">Mart 5, 2024<\/time><\/a><\/span><\/li>\r\n                                                                                        <li class=\"post-cat\"><i class=\"fas fa-tag\"><\/i><a href=\"https:\/\/berkut.tech\/index.php\/en\/category\/software-en\/\" rel=\"category tag\">software<\/a><\/li>\r\n                                                                                    <\/ul>\r\n                                    <\/div>\r\n                                    <div class=\"restly-blog-post-title\">\r\n                                        <a href=\"https:\/\/berkut.tech\/index.php\/en\/2024\/03\/05\/nosql-sql\/\">Should We Use NoSQL Instead Of SQL?&hellip;<\/a>\r\n                                    <\/div>\r\n                                    <div class=\"restly-post-dec\">\r\n                                        <P>Account abstraction has been a hotly discussed topic in the&hellip;<\/P>\r\n                                    <\/div>\r\n                                <\/div>\r\n                                                                <div class=\"restly-blog-post-author\">\r\n                                    <img alt='' src='https:\/\/secure.gravatar.com\/avatar\/122256649d718c571898feccd0424e391ed5588163a18d88d5fdb8f8eb16cec5?s=60&#038;d=mm&#038;r=g' srcset='https:\/\/secure.gravatar.com\/avatar\/122256649d718c571898feccd0424e391ed5588163a18d88d5fdb8f8eb16cec5?s=120&#038;d=mm&#038;r=g 2x' class='avatar avatar-60 photo' height='60' width='60' \/>By<span class=\"byline\"><span class=\"author vcard\"><a class=\"url fn n\" href=\"https:\/\/berkut.tech\/index.php\/author\/berkut-teknoloji\/\">Berkut Teknoloji<\/a><\/span><\/span>                                <\/div>\r\n                                                            <\/div>\r\n                        <\/div>\r\n                    <\/div>\r\n                                        <div class=\"col-12 col-sm-12 col-md-6 col-lg-4\">\r\n                        <div class=\"restly-blog-post-item restly-blog-one\">\r\n                                                        <div class=\"restly-blog-post-img\">\r\n                                <a href=\"https:\/\/berkut.tech\/index.php\/en\/2022\/06\/10\/account-abstraction-ethereum\/\">\r\n                                                                    <\/a>\r\n                            <\/div>\r\n                                                        <div class=\"restly-blog-post-content\">\r\n                                <div class=\"restly-blog-top-area\">\r\n                                                                        <div class=\"post-meta-item\">\r\n                                        <ul>\r\n                                                                                    <li><i class=\"fas fa-calendar-alt\"><\/i><span class=\"posted-on\"><a href=\"https:\/\/berkut.tech\/index.php\/en\/2022\/06\/10\/account-abstraction-ethereum\/\" rel=\"bookmark\"><time class=\"entry-date published updated\" datetime=\"2022-06-10T21:40:24+00:00\">Haziran 10, 2022<\/time><\/a><\/span><\/li>\r\n                                                                                        <li class=\"post-cat\"><i class=\"fas fa-tag\"><\/i><a href=\"https:\/\/berkut.tech\/index.php\/en\/category\/software-en\/\" rel=\"category tag\">software<\/a><\/li>\r\n                                                                                    <\/ul>\r\n                                    <\/div>\r\n                                    <div class=\"restly-blog-post-title\">\r\n                                        <a href=\"https:\/\/berkut.tech\/index.php\/en\/2022\/06\/10\/account-abstraction-ethereum\/\">Account Abstraction in Ethereum: What is it&hellip;<\/a>\r\n                                    <\/div>\r\n                                    <div class=\"restly-post-dec\">\r\n                                        <P>Account abstraction has been a hotly discussed topic in the&hellip;<\/P>\r\n                                    <\/div>\r\n                                <\/div>\r\n                                                                <div class=\"restly-blog-post-author\">\r\n                                    <img alt='' src='https:\/\/secure.gravatar.com\/avatar\/122256649d718c571898feccd0424e391ed5588163a18d88d5fdb8f8eb16cec5?s=60&#038;d=mm&#038;r=g' srcset='https:\/\/secure.gravatar.com\/avatar\/122256649d718c571898feccd0424e391ed5588163a18d88d5fdb8f8eb16cec5?s=120&#038;d=mm&#038;r=g 2x' class='avatar avatar-60 photo' height='60' width='60' \/>By<span class=\"byline\"><span class=\"author vcard\"><a class=\"url fn n\" href=\"https:\/\/berkut.tech\/index.php\/author\/berkut-teknoloji\/\">Berkut Teknoloji<\/a><\/span><\/span>                                <\/div>\r\n                                                            <\/div>\r\n                        <\/div>\r\n                    <\/div>\r\n                                        <div class=\"col-12 col-sm-12 col-md-6 col-lg-4\">\r\n                        <div class=\"restly-blog-post-item restly-blog-one\">\r\n                                                        <div class=\"restly-blog-post-img\">\r\n                                <a href=\"https:\/\/berkut.tech\/index.php\/2022\/06\/10\/neden-nuxt-js\/\">\r\n                                                                    <\/a>\r\n                            <\/div>\r\n                                                        <div class=\"restly-blog-post-content\">\r\n                                <div class=\"restly-blog-top-area\">\r\n                                                                        <div class=\"post-meta-item\">\r\n                                        <ul>\r\n                                                                                    <li><i class=\"fas fa-calendar-alt\"><\/i><span class=\"posted-on\"><a href=\"https:\/\/berkut.tech\/index.php\/2022\/06\/10\/neden-nuxt-js\/\" rel=\"bookmark\"><time class=\"entry-date published updated\" datetime=\"2022-06-10T21:39:37+00:00\">Haziran 10, 2022<\/time><\/a><\/span><\/li>\r\n                                                                                        <li class=\"post-cat\"><i class=\"fas fa-tag\"><\/i><a href=\"https:\/\/berkut.tech\/index.php\/category\/software\/\" rel=\"category tag\">software<\/a><\/li>\r\n                                                                                    <\/ul>\r\n                                    <\/div>\r\n                                    <div class=\"restly-blog-post-title\">\r\n                                        <a href=\"https:\/\/berkut.tech\/index.php\/2022\/06\/10\/neden-nuxt-js\/\">Neden Nuxt.js ?<\/a>\r\n                                    <\/div>\r\n                                    <div class=\"restly-post-dec\">\r\n                                        <P>Neden Nuxt.js demeden \u00f6nce neden Vue.js konusuna de\u011finmek istiyorum. Vue.js&hellip;<\/P>\r\n                                    <\/div>\r\n                                <\/div>\r\n                                                                <div class=\"restly-blog-post-author\">\r\n                                    <img alt='' src='https:\/\/secure.gravatar.com\/avatar\/122256649d718c571898feccd0424e391ed5588163a18d88d5fdb8f8eb16cec5?s=60&#038;d=mm&#038;r=g' srcset='https:\/\/secure.gravatar.com\/avatar\/122256649d718c571898feccd0424e391ed5588163a18d88d5fdb8f8eb16cec5?s=120&#038;d=mm&#038;r=g 2x' class='avatar avatar-60 photo' height='60' width='60' \/>By<span class=\"byline\"><span class=\"author vcard\"><a class=\"url fn n\" href=\"https:\/\/berkut.tech\/index.php\/author\/berkut-teknoloji\/\">Berkut Teknoloji<\/a><\/span><\/span>                                <\/div>\r\n                                                            <\/div>\r\n                        <\/div>\r\n                    <\/div>\r\n                                                                                                    <\/div>\r\n            <\/div>\r\n        <\/div>\r\n        \t\t\t\t<\/div>\n\t\t\t\t<\/div>\n\t\t\t\t\t<\/div>\n\t\t<\/div>\n\t\t\t\t\t<\/div>\n\t\t<\/section>\n\t\t\t\t<\/div>\n\t\t","protected":false},"excerpt":{"rendered":"<p>Haziran 7, 2024 Uncategorized Micro Frontend Mimarisi Hizmetler \u00dcr\u00fcnler Hakk\u0131m\u0131zda Blog \u0130leti\u015fim Dil Hizmetler \u00dcr\u00fcnler Hakk\u0131m\u0131zda Blog&hellip; ByBerkut Teknoloji Haziran 7, 2024 software,Uncategorized iOS View Controller Life Cycle Herkese merhabalar arkada\u015flar, 2021 y\u0131l\u0131n\u0131n son yaz\u0131s\u0131 olan View Controller&hellip; ByBerkut Teknoloji Haziran 10, 2022 software Neden Nuxt.js ? Neden Nuxt.js demeden \u00f6nce neden Vue.js konusuna de\u011finmek [&hellip;]<\/p>\n","protected":false},"author":1,"featured_media":0,"parent":0,"menu_order":0,"comment_status":"closed","ping_status":"closed","template":"blank-template.php","meta":{"footnotes":""},"class_list":["post-6687","page","type-page","status-publish","hentry"],"_links":{"self":[{"href":"https:\/\/berkut.tech\/index.php\/wp-json\/wp\/v2\/pages\/6687","targetHints":{"allow":["GET"]}}],"collection":[{"href":"https:\/\/berkut.tech\/index.php\/wp-json\/wp\/v2\/pages"}],"about":[{"href":"https:\/\/berkut.tech\/index.php\/wp-json\/wp\/v2\/types\/page"}],"author":[{"embeddable":true,"href":"https:\/\/berkut.tech\/index.php\/wp-json\/wp\/v2\/users\/1"}],"replies":[{"embeddable":true,"href":"https:\/\/berkut.tech\/index.php\/wp-json\/wp\/v2\/comments?post=6687"}],"version-history":[{"count":8,"href":"https:\/\/berkut.tech\/index.php\/wp-json\/wp\/v2\/pages\/6687\/revisions"}],"predecessor-version":[{"id":7117,"href":"https:\/\/berkut.tech\/index.php\/wp-json\/wp\/v2\/pages\/6687\/revisions\/7117"}],"wp:attachment":[{"href":"https:\/\/berkut.tech\/index.php\/wp-json\/wp\/v2\/media?parent=6687"}],"curies":[{"name":"wp","href":"https:\/\/api.w.org\/{rel}","templated":true}]}}