{"id":6499,"date":"2024-05-10T04:46:37","date_gmt":"2024-05-10T04:46:37","guid":{"rendered":"http:\/\/berkut.tech\/?page_id=6499"},"modified":"2026-01-07T20:16:55","modified_gmt":"2026-01-07T20:16:55","slug":"contact-us-2","status":"publish","type":"page","link":"https:\/\/berkut.tech\/index.php\/en\/contact-us-2\/","title":{"rendered":"Contact Us"},"content":{"rendered":"\t\t<div data-elementor-type=\"wp-page\" data-elementor-id=\"6499\" class=\"elementor elementor-6499\">\n\t\t\t\t\t\t<section class=\"elementor-section elementor-top-section elementor-element elementor-element-9a02ca8 elementor-section-boxed elementor-section-height-default elementor-section-height-default\" data-id=\"9a02ca8\" data-element_type=\"section\">\n\t\t\t\t\t\t<div class=\"elementor-container elementor-column-gap-no\">\n\t\t\t\t\t<div class=\"elementor-column elementor-col-50 elementor-top-column elementor-element elementor-element-33f8500\" data-id=\"33f8500\" data-element_type=\"column\">\n\t\t\t<div class=\"elementor-widget-wrap elementor-element-populated\">\n\t\t\t\t\t\t<div class=\"elementor-element elementor-element-286b855 elementor-widget-divider--view-line elementor-widget elementor-widget-divider\" data-id=\"286b855\" data-element_type=\"widget\" data-widget_type=\"divider.default\">\n\t\t\t\t<div class=\"elementor-widget-container\">\n\t\t\t\t\t\t\t<div class=\"elementor-divider\">\n\t\t\t<span class=\"elementor-divider-separator\">\n\t\t\t\t\t\t<\/span>\n\t\t<\/div>\n\t\t\t\t\t\t<\/div>\n\t\t\t\t<\/div>\n\t\t\t\t<div class=\"elementor-element elementor-element-ed8b75e elementor-widget elementor-widget-restly_title\" data-id=\"ed8b75e\" data-element_type=\"widget\" data-widget_type=\"restly_title.default\">\n\t\t\t\t<div class=\"elementor-widget-container\">\n\t\t\t\t\t        <div class=\"restly-section-title-wrapper\">\r\n            <div class=\"restly-section-title\">\r\n                                \r\n                <h2 class=\"restly-section-title\">Contact Us<\/h2> \r\n            <\/div>\r\n        <\/div>\r\n        \t\t\t\t<\/div>\n\t\t\t\t<\/div>\n\t\t\t\t<div class=\"elementor-element elementor-element-c2144cb elementor-widget elementor-widget-shortcode\" data-id=\"c2144cb\" data-element_type=\"widget\" data-widget_type=\"shortcode.default\">\n\t\t\t\t<div class=\"elementor-widget-container\">\n\t\t\t\t\t\t\t<div class=\"elementor-shortcode\">\n<div class=\"wpcf7 no-js\" id=\"wpcf7-f6615-o1\" lang=\"en-US\" dir=\"ltr\" data-wpcf7-id=\"6615\">\n<div class=\"screen-reader-response\"><p role=\"status\" aria-live=\"polite\" aria-atomic=\"true\"><\/p> <ul><\/ul><\/div>\n<form action=\"\/index.php\/wp-json\/wp\/v2\/pages\/6499#wpcf7-f6615-o1\" method=\"post\" class=\"wpcf7-form init\" aria-label=\"Contact form\" novalidate=\"novalidate\" data-status=\"init\">\n<fieldset class=\"hidden-fields-container\"><input type=\"hidden\" name=\"_wpcf7\" value=\"6615\" \/><input type=\"hidden\" name=\"_wpcf7_version\" value=\"6.1.4\" \/><input type=\"hidden\" name=\"_wpcf7_locale\" value=\"en_US\" \/><input type=\"hidden\" name=\"_wpcf7_unit_tag\" value=\"wpcf7-f6615-o1\" \/><input type=\"hidden\" name=\"_wpcf7_container_post\" value=\"0\" \/><input type=\"hidden\" name=\"_wpcf7_posted_data_hash\" value=\"\" \/><input type=\"hidden\" name=\"_wpcf7_recaptcha_response\" value=\"\" \/>\n<\/fieldset>\n<div class=\"restly-home-form\">\n    <div class=\"row\">\n        <div class=\"col-12 col-md-6\">\n            <div class=\"restly-home-form-input restly-input name\">\n            <span class=\"wpcf7-form-control-wrap\" data-name=\"yourname\"><input size=\"40\" maxlength=\"400\" class=\"wpcf7-form-control wpcf7-text wpcf7-validates-as-required\" aria-required=\"true\" aria-invalid=\"false\" placeholder=\"Name Surname\" value=\"\" type=\"text\" name=\"yourname\" \/><\/span>\n            <\/div>\n        <\/div>\n        <div class=\"col-12 col-md-6\">\n            <div class=\"restly-home-form-input restly-input email\">\n            <span class=\"wpcf7-form-control-wrap\" data-name=\"youremail\"><input size=\"40\" maxlength=\"400\" class=\"wpcf7-form-control wpcf7-email wpcf7-validates-as-required wpcf7-text wpcf7-validates-as-email\" aria-required=\"true\" aria-invalid=\"false\" placeholder=\"Email\" value=\"\" type=\"email\" name=\"youremail\" \/><\/span>\n            <\/div>\n        <\/div>\n        <div class=\"col-12 col-md-6\">\n            <div class=\"restly-home-form-input restly-input phone\">\n            <span class=\"wpcf7-form-control-wrap\" data-name=\"yourphone\"><input size=\"40\" maxlength=\"400\" class=\"wpcf7-form-control wpcf7-tel wpcf7-validates-as-required wpcf7-text wpcf7-validates-as-tel\" aria-required=\"true\" aria-invalid=\"false\" placeholder=\"Phone Number\" value=\"\" type=\"tel\" name=\"yourphone\" \/><\/span>\n            <\/div>\n        <\/div>\n        <div class=\"col-12 col-md-6\">\n            <div class=\"restly-input company\">\n                <span class=\"wpcf7-form-control-wrap\" data-name=\"companyname\"><input size=\"40\" maxlength=\"400\" class=\"wpcf7-form-control wpcf7-text wpcf7-validates-as-required\" aria-required=\"true\" aria-invalid=\"false\" placeholder=\"Corporation\" value=\"\" type=\"text\" name=\"companyname\" \/><\/span>\n            <\/div>\n        <\/div>\n        <div class=\"col-12 col-md-12\">\n            <div class=\"restly-home-input restly-input message\">\n            <span class=\"wpcf7-form-control-wrap\" data-name=\"message\"><textarea cols=\"10\" rows=\"4\" maxlength=\"2000\" class=\"wpcf7-form-control wpcf7-textarea wpcf7-validates-as-required\" aria-required=\"true\" aria-invalid=\"false\" placeholder=\"Send Us Your Message\" name=\"message\"><\/textarea><\/span>\n            <\/div>\n            <div class=\"restly-message-btn\">\n            <span class=\"wpcf7-form-control-wrap recaptcha\" data-name=\"recaptcha\"><span data-sitekey=\"6LdJlwwqAAAAANvljwtqq8YZZGoKiMnBjMx5lBqd\" class=\"wpcf7-form-control wpcf7-recaptcha g-recaptcha\"><\/span>\r\n<noscript>\r\n\t<div class=\"grecaptcha-noscript\">\r\n\t\t<iframe src=\"https:\/\/www.google.com\/recaptcha\/api\/fallback?k=6LdJlwwqAAAAANvljwtqq8YZZGoKiMnBjMx5lBqd\" frameborder=\"0\" scrolling=\"no\" width=\"310\" height=\"430\">\r\n\t\t<\/iframe>\r\n\t\t<textarea name=\"g-recaptcha-response\" rows=\"3\" cols=\"40\" placeholder=\"reCaptcha Response Here\">\r\n\t\t<\/textarea>\r\n\t<\/div>\r\n<\/noscript>\r\n<\/span>\n            <br>\n            <input class=\"wpcf7-form-control wpcf7-submit has-spinner\" type=\"submit\" value=\"Send Message\" \/>\n            <\/div>\n        <\/div>\n    <\/div>\n<\/div><p style=\"display: none !important;\" class=\"akismet-fields-container\" data-prefix=\"_wpcf7_ak_\"><label>&#916;<textarea name=\"_wpcf7_ak_hp_textarea\" cols=\"45\" rows=\"8\" maxlength=\"100\"><\/textarea><\/label><input type=\"hidden\" id=\"ak_js_1\" name=\"_wpcf7_ak_js\" value=\"143\"\/><script>document.getElementById( \"ak_js_1\" ).setAttribute( \"value\", ( new Date() ).getTime() );<\/script><\/p><div class=\"wpcf7-response-output\" aria-hidden=\"true\"><\/div>\n<\/form>\n<\/div>\n<\/div>\n\t\t\t\t\t\t<\/div>\n\t\t\t\t<\/div>\n\t\t\t\t\t<\/div>\n\t\t<\/div>\n\t\t\t\t<div class=\"elementor-column elementor-col-50 elementor-top-column elementor-element elementor-element-6b64fb0\" data-id=\"6b64fb0\" data-element_type=\"column\" data-settings=\"{&quot;background_background&quot;:&quot;classic&quot;}\">\n\t\t\t<div class=\"elementor-widget-wrap elementor-element-populated\">\n\t\t\t\t\t<div class=\"elementor-background-overlay\"><\/div>\n\t\t\t\t\t\t<div class=\"elementor-element elementor-element-4af0391 elementor-widget elementor-widget-restly_contact_info\" data-id=\"4af0391\" data-element_type=\"widget\" data-widget_type=\"restly_contact_info.default\">\n\t\t\t\t<div class=\"elementor-widget-container\">\n\t\t\t\t\t        <div class=\"restly-contact-info-warpper\">\r\n            <div class=\"restly-contact-info\">\r\n                <h2 class=\"contact-info-title\">Reach Us<\/h2>                <div class=\"restly-contact-info-items\">\r\n                                        <div class=\"restly-cinfo d-flex align-items-center\">\r\n                        <div class=\"restly-cinfo-icon\">\r\n                            <i class=\"fas fa-phone-alt\"><\/i>\r\n                        <\/div>\r\n                        <div class=\"restly-cinfo-dec\">\r\n                            <span>Phone Numbers<\/span>\r\n                            <p>+90 (555) 564 63 45<br \/>+90 (505) 377 58 32<\/p>                        <\/div>\r\n                    <\/div>\r\n                                        <div class=\"restly-cinfo d-flex align-items-center\">\r\n                        <div class=\"restly-cinfo-icon\">\r\n                            <i class=\"far fa-envelope\"><\/i>\r\n                        <\/div>\r\n                        <div class=\"restly-cinfo-dec\">\r\n                            <span>Email<\/span>\r\n                            <p>info@berkut.tech<\/p>                        <\/div>\r\n                    <\/div>\r\n                                        <div class=\"restly-cinfo d-flex align-items-center\">\r\n                        <div class=\"restly-cinfo-icon\">\r\n                            <i class=\"flaticon flaticon-linkedin\"><\/i>\r\n                        <\/div>\r\n                        <div class=\"restly-cinfo-dec\">\r\n                            <span>Social<\/span>\r\n                            <p><a href=\"https:\/\/www.linkedin.com\/company\/berkut-teknoloji\/mycompany\/\">linkedin.com\/berkut-teknoloji<\/a><\/p>                        <\/div>\r\n                    <\/div>\r\n                                    <\/div>\r\n            <\/div>\r\n        <\/div>\r\n        \t\t\t\t<\/div>\n\t\t\t\t<\/div>\n\t\t\t\t\t<\/div>\n\t\t<\/div>\n\t\t\t\t\t<\/div>\n\t\t<\/section>\n\t\t\t\t<section class=\"elementor-section elementor-top-section elementor-element elementor-element-b69f3d0 elementor-section-boxed elementor-section-height-default elementor-section-height-default\" data-id=\"b69f3d0\" data-element_type=\"section\">\n\t\t\t\t\t\t<div class=\"elementor-container elementor-column-gap-default\">\n\t\t\t\t\t<div class=\"elementor-column elementor-col-100 elementor-top-column elementor-element elementor-element-48dd09f\" data-id=\"48dd09f\" data-element_type=\"column\">\n\t\t\t<div class=\"elementor-widget-wrap elementor-element-populated\">\n\t\t\t\t\t\t<div class=\"elementor-element elementor-element-f03e741 elementor-widget elementor-widget-restly_title\" data-id=\"f03e741\" data-element_type=\"widget\" data-widget_type=\"restly_title.default\">\n\t\t\t\t<div class=\"elementor-widget-container\">\n\t\t\t\t\t        <div class=\"restly-section-title-wrapper\">\r\n            <div class=\"restly-section-title\">\r\n                                \r\n                <h2 class=\"restly-section-title\">Visit Us<\/h2> \r\n            <\/div>\r\n        <\/div>\r\n        \t\t\t\t<\/div>\n\t\t\t\t<\/div>\n\t\t\t\t<section class=\"elementor-section elementor-inner-section elementor-element elementor-element-aeb4d02 elementor-section-boxed elementor-section-height-default elementor-section-height-default\" data-id=\"aeb4d02\" data-element_type=\"section\">\n\t\t\t\t\t\t<div class=\"elementor-container elementor-column-gap-default\">\n\t\t\t\t\t<div class=\"elementor-column elementor-col-33 elementor-inner-column elementor-element elementor-element-0b9688a\" data-id=\"0b9688a\" data-element_type=\"column\">\n\t\t\t<div class=\"elementor-widget-wrap elementor-element-populated\">\n\t\t\t\t\t\t<div class=\"elementor-element elementor-element-b7f1ac2 elementor-widget elementor-widget-restly_contactinfo_box\" data-id=\"b7f1ac2\" data-element_type=\"widget\" data-widget_type=\"restly_contactinfo_box.default\">\n\t\t\t\t<div class=\"elementor-widget-container\">\n\t\t\t\t\t        <div class=\"restly-contactinfo-box-wrapper\">\r\n            <div class=\"restly-contact-info-box\">\r\n                <div class=\"restly-cinfo-box-icon\">\r\n                    <i class=\"fas fa-map-marked-alt\"><\/i>\r\n                <\/div>\r\n                <div class=\"restly-cinfo-box-dec\">\r\n                    <p>Gebze Branch<\/p><p>Cumhuriyet Neighborhood, \u015ei\u015fecam Road, Street, ARGE 11, A2 Hangar Building, Gebze- KOCAELI<\/p>                <\/div>\r\n                            <\/div>\r\n        <\/div>\r\n        \t\t\t\t<\/div>\n\t\t\t\t<\/div>\n\t\t\t\t\t<\/div>\n\t\t<\/div>\n\t\t\t\t<div class=\"elementor-column elementor-col-33 elementor-inner-column elementor-element elementor-element-6f02d84\" data-id=\"6f02d84\" data-element_type=\"column\">\n\t\t\t<div class=\"elementor-widget-wrap elementor-element-populated\">\n\t\t\t\t\t\t<div class=\"elementor-element elementor-element-a98f873 elementor-widget elementor-widget-restly_contactinfo_box\" data-id=\"a98f873\" data-element_type=\"widget\" data-widget_type=\"restly_contactinfo_box.default\">\n\t\t\t\t<div class=\"elementor-widget-container\">\n\t\t\t\t\t        <div class=\"restly-contactinfo-box-wrapper\">\r\n            <div class=\"restly-contact-info-box\">\r\n                <div class=\"restly-cinfo-box-icon\">\r\n                    <i class=\"fas fa-map-marked-alt\"><\/i>\r\n                <\/div>\r\n                <div class=\"restly-cinfo-box-dec\">\r\n                    <p>Kad\u0131k\u00f6y Branch<\/p><p>Barbaros Neighborhood, Begonya Street, Nidakule Ata\u015fehir West No:1, Inner Door No:2, Ata\u015fehir, Istanbul<\/p>                <\/div>\r\n                            <\/div>\r\n        <\/div>\r\n        \t\t\t\t<\/div>\n\t\t\t\t<\/div>\n\t\t\t\t\t<\/div>\n\t\t<\/div>\n\t\t\t\t<div class=\"elementor-column elementor-col-33 elementor-inner-column elementor-element elementor-element-ef348ea\" data-id=\"ef348ea\" data-element_type=\"column\">\n\t\t\t<div class=\"elementor-widget-wrap elementor-element-populated\">\n\t\t\t\t\t\t<div class=\"elementor-element elementor-element-9503bb9 elementor-widget elementor-widget-restly_contactinfo_box\" data-id=\"9503bb9\" data-element_type=\"widget\" data-widget_type=\"restly_contactinfo_box.default\">\n\t\t\t\t<div class=\"elementor-widget-container\">\n\t\t\t\t\t        <div class=\"restly-contactinfo-box-wrapper\">\r\n            <div class=\"restly-contact-info-box\">\r\n                <div class=\"restly-cinfo-box-icon\">\r\n                    <i class=\"fas fa-map-marked-alt\"><\/i>\r\n                <\/div>\r\n                <div class=\"restly-cinfo-box-dec\">\r\n                    <p>Bal\u0131kesir Branch<\/p><p>\u00c7a\u011f\u0131\u015f Neighborhood, \u00c7a\u011f\u0131\u015f 15th Street, Bal\u0131kesir Technopolis No: 2, Door No: 64, Bigadi\u00e7 - Bal\u0131kesir<\/p>                <\/div>\r\n                            <\/div>\r\n        <\/div>\r\n        \t\t\t\t<\/div>\n\t\t\t\t<\/div>\n\t\t\t\t\t<\/div>\n\t\t<\/div>\n\t\t\t\t\t<\/div>\n\t\t<\/section>\n\t\t\t\t\t<\/div>\n\t\t<\/div>\n\t\t\t\t\t<\/div>\n\t\t<\/section>\n\t\t\t\t<\/div>\n\t\t","protected":false},"excerpt":{"rendered":"<p>Contact Us Reach Us Phone Numbers +90 (555) 564 63 45+90 (505) 377 58 32 Email info@berkut.tech Social linkedin.com\/berkut-teknoloji Visit Us Gebze Branch Cumhuriyet Neighborhood, \u015ei\u015fecam Road, Street, ARGE 11, A2 Hangar Building, Gebze- KOCAELI Kad\u0131k\u00f6y Branch Barbaros Neighborhood, Begonya Street, Nidakule Ata\u015fehir West No:1, Inner Door No:2, Ata\u015fehir, Istanbul Bal\u0131kesir Branch \u00c7a\u011f\u0131\u015f Neighborhood, \u00c7a\u011f\u0131\u015f [&hellip;]<\/p>\n","protected":false},"author":1,"featured_media":0,"parent":0,"menu_order":0,"comment_status":"closed","ping_status":"closed","template":"blank-template.php","meta":{"footnotes":""},"class_list":["post-6499","page","type-page","status-publish","hentry"],"_links":{"self":[{"href":"https:\/\/berkut.tech\/index.php\/wp-json\/wp\/v2\/pages\/6499","targetHints":{"allow":["GET"]}}],"collection":[{"href":"https:\/\/berkut.tech\/index.php\/wp-json\/wp\/v2\/pages"}],"about":[{"href":"https:\/\/berkut.tech\/index.php\/wp-json\/wp\/v2\/types\/page"}],"author":[{"embeddable":true,"href":"https:\/\/berkut.tech\/index.php\/wp-json\/wp\/v2\/users\/1"}],"replies":[{"embeddable":true,"href":"https:\/\/berkut.tech\/index.php\/wp-json\/wp\/v2\/comments?post=6499"}],"version-history":[{"count":28,"href":"https:\/\/berkut.tech\/index.php\/wp-json\/wp\/v2\/pages\/6499\/revisions"}],"predecessor-version":[{"id":7443,"href":"https:\/\/berkut.tech\/index.php\/wp-json\/wp\/v2\/pages\/6499\/revisions\/7443"}],"wp:attachment":[{"href":"https:\/\/berkut.tech\/index.php\/wp-json\/wp\/v2\/media?parent=6499"}],"curies":[{"name":"wp","href":"https:\/\/api.w.org\/{rel}","templated":true}]}}